{"id":3893,"date":"2025-11-08T07:17:23","date_gmt":"2025-11-08T07:17:23","guid":{"rendered":"https:\/\/callsweetsammy.com\/?page_id=3893"},"modified":"2025-11-08T07:35:05","modified_gmt":"2025-11-08T07:35:05","slug":"contact","status":"publish","type":"page","link":"https:\/\/callsweetsammy.com\/es\/contact\/","title":{"rendered":"Contact"},"content":{"rendered":"\t\t<div data-elementor-type=\"wp-page\" data-elementor-id=\"3893\" class=\"elementor elementor-3893\">\n\t\t\t\t<div class=\"elementor-element elementor-element-7a6325a e-flex e-con-boxed e-con e-parent\" data-id=\"7a6325a\" data-element_type=\"container\" data-settings=\"{&quot;background_background&quot;:&quot;classic&quot;}\">\n\t\t\t\t\t<div class=\"e-con-inner\">\n\t\t<div class=\"elementor-element elementor-element-f9e0c64 e-con-full animated-slow e-flex elementor-invisible e-con e-child\" data-id=\"f9e0c64\" data-element_type=\"container\" data-settings=\"{&quot;animation&quot;:&quot;fadeInLeft&quot;}\">\n\t\t\t\t<div class=\"elementor-element elementor-element-1f0005c elementor-widget elementor-widget-heading\" data-id=\"1f0005c\" data-element_type=\"widget\" data-widget_type=\"heading.default\">\n\t\t\t\t<div class=\"elementor-widget-container\">\n\t\t\t\t\t<h1 class=\"elementor-heading-title elementor-size-default\">Cont\u00e1ctanos<\/h1>\t\t\t\t<\/div>\n\t\t\t\t<\/div>\n\t\t\t\t<div class=\"elementor-element elementor-element-511b008 elementor-widget elementor-widget-text-editor\" data-id=\"511b008\" data-element_type=\"widget\" data-widget_type=\"text-editor.default\">\n\t\t\t\t<div class=\"elementor-widget-container\">\n\t\t\t\t\t\t\t\t\t<p>Despu\u00e9s del 911, llame a Llamar dulce Sammy para ayuda r\u00e1pida y amable.<\/p>\t\t\t\t\t\t\t\t<\/div>\n\t\t\t\t<\/div>\n\t\t\t\t<\/div>\n\t\t\t\t\t<\/div>\n\t\t\t\t<\/div>\n\t\t<div class=\"elementor-element elementor-element-d847a31 bg-section1 e-flex e-con-boxed e-con e-parent\" data-id=\"d847a31\" data-element_type=\"container\" id=\"services\" data-settings=\"{&quot;background_background&quot;:&quot;classic&quot;}\">\n\t\t\t\t\t<div class=\"e-con-inner\">\n\t\t\t\t<div class=\"elementor-element elementor-element-7800379 animated-slow elementor-invisible elementor-widget elementor-widget-heading\" data-id=\"7800379\" data-element_type=\"widget\" data-settings=\"{&quot;_animation&quot;:&quot;fadeInUp&quot;}\" data-widget_type=\"heading.default\">\n\t\t\t\t<div class=\"elementor-widget-container\">\n\t\t\t\t\t<h2 class=\"elementor-heading-title elementor-size-default\">Ponte en contacto<\/h2>\t\t\t\t<\/div>\n\t\t\t\t<\/div>\n\t\t<div class=\"elementor-element elementor-element-8ae68ab e-con-full services01 services04 e-flex e-con e-child\" data-id=\"8ae68ab\" data-element_type=\"container\">\n\t\t<div class=\"elementor-element elementor-element-ff4c2a2 e-con-full e-flex e-con e-child\" data-id=\"ff4c2a2\" data-element_type=\"container\">\n\t\t<div class=\"elementor-element elementor-element-8c5872b e-con-full box-set-s animated-slow e-flex elementor-invisible e-con e-child\" data-id=\"8c5872b\" data-element_type=\"container\" data-settings=\"{&quot;background_background&quot;:&quot;classic&quot;,&quot;animation&quot;:&quot;zoomIn&quot;,&quot;animation_delay&quot;:200}\">\n\t\t\t\t<div class=\"elementor-element elementor-element-4403e22 elementor-view-default elementor-widget elementor-widget-icon\" data-id=\"4403e22\" data-element_type=\"widget\" data-widget_type=\"icon.default\">\n\t\t\t\t<div class=\"elementor-widget-container\">\n\t\t\t\t\t\t\t<div class=\"elementor-icon-wrapper\">\n\t\t\t<div class=\"elementor-icon\">\n\t\t\t<svg aria-hidden=\"true\" class=\"e-font-icon-svg e-fas-phone-alt\" viewBox=\"0 0 512 512\" xmlns=\"http:\/\/www.w3.org\/2000\/svg\"><path d=\"M497.39 361.8l-112-48a24 24 0 0 0-28 6.9l-49.6 60.6A370.66 370.66 0 0 1 130.6 204.11l60.6-49.6a23.94 23.94 0 0 0 6.9-28l-48-112A24.16 24.16 0 0 0 122.6.61l-104 24A24 24 0 0 0 0 48c0 256.5 207.9 464 464 464a24 24 0 0 0 23.4-18.6l24-104a24.29 24.29 0 0 0-14.01-27.6z\"><\/path><\/svg>\t\t\t<\/div>\n\t\t<\/div>\n\t\t\t\t\t\t<\/div>\n\t\t\t\t<\/div>\n\t\t\t\t<div class=\"elementor-element elementor-element-2d9d359 elementor-widget elementor-widget-heading\" data-id=\"2d9d359\" data-element_type=\"widget\" data-widget_type=\"heading.default\">\n\t\t\t\t<div class=\"elementor-widget-container\">\n\t\t\t\t\t<h4 class=\"elementor-heading-title elementor-size-default\"><a href=\"tel:%20(312)%20879-0014\"> (312) 879-0014<\/a><\/h4>\t\t\t\t<\/div>\n\t\t\t\t<\/div>\n\t\t\t\t<\/div>\n\t\t<div class=\"elementor-element elementor-element-19e6ac9 e-con-full box-set-s animated-slow e-flex elementor-invisible e-con e-child\" data-id=\"19e6ac9\" data-element_type=\"container\" data-settings=\"{&quot;background_background&quot;:&quot;classic&quot;,&quot;animation&quot;:&quot;zoomIn&quot;,&quot;animation_delay&quot;:400}\">\n\t\t\t\t<div class=\"elementor-element elementor-element-8a25895 elementor-view-default elementor-widget elementor-widget-icon\" data-id=\"8a25895\" data-element_type=\"widget\" data-widget_type=\"icon.default\">\n\t\t\t\t<div class=\"elementor-widget-container\">\n\t\t\t\t\t\t\t<div class=\"elementor-icon-wrapper\">\n\t\t\t<div class=\"elementor-icon\">\n\t\t\t<svg aria-hidden=\"true\" class=\"e-font-icon-svg e-fas-map-marker-alt\" viewBox=\"0 0 384 512\" xmlns=\"http:\/\/www.w3.org\/2000\/svg\"><path d=\"M172.268 501.67C26.97 291.031 0 269.413 0 192 0 85.961 85.961 0 192 0s192 85.961 192 192c0 77.413-26.97 99.031-172.268 309.67-9.535 13.774-29.93 13.773-39.464 0zM192 272c44.183 0 80-35.817 80-80s-35.817-80-80-80-80 35.817-80 80 35.817 80 80 80z\"><\/path><\/svg>\t\t\t<\/div>\n\t\t<\/div>\n\t\t\t\t\t\t<\/div>\n\t\t\t\t<\/div>\n\t\t\t\t<div class=\"elementor-element elementor-element-57634d8 elementor-widget elementor-widget-heading\" data-id=\"57634d8\" data-element_type=\"widget\" data-widget_type=\"heading.default\">\n\t\t\t\t<div class=\"elementor-widget-container\">\n\t\t\t\t\t<h4 class=\"elementor-heading-title elementor-size-default\">Prestando servicios en todo Illinois<\/h4>\t\t\t\t<\/div>\n\t\t\t\t<\/div>\n\t\t\t\t<\/div>\n\t\t<div class=\"elementor-element elementor-element-8090638 e-con-full box-set-s animated-slow e-flex elementor-invisible e-con e-child\" data-id=\"8090638\" data-element_type=\"container\" data-settings=\"{&quot;background_background&quot;:&quot;classic&quot;,&quot;animation&quot;:&quot;zoomIn&quot;,&quot;animation_delay&quot;:600}\">\n\t\t\t\t<div class=\"elementor-element elementor-element-d25b588 elementor-view-default elementor-widget elementor-widget-icon\" data-id=\"d25b588\" data-element_type=\"widget\" data-widget_type=\"icon.default\">\n\t\t\t\t<div class=\"elementor-widget-container\">\n\t\t\t\t\t\t\t<div class=\"elementor-icon-wrapper\">\n\t\t\t<div class=\"elementor-icon\">\n\t\t\t<svg aria-hidden=\"true\" class=\"e-font-icon-svg e-far-envelope\" viewBox=\"0 0 512 512\" xmlns=\"http:\/\/www.w3.org\/2000\/svg\"><path d=\"M464 64H48C21.49 64 0 85.49 0 112v288c0 26.51 21.49 48 48 48h416c26.51 0 48-21.49 48-48V112c0-26.51-21.49-48-48-48zm0 48v40.805c-22.422 18.259-58.168 46.651-134.587 106.49-16.841 13.247-50.201 45.072-73.413 44.701-23.208.375-56.579-31.459-73.413-44.701C106.18 199.465 70.425 171.067 48 152.805V112h416zM48 400V214.398c22.914 18.251 55.409 43.862 104.938 82.646 21.857 17.205 60.134 55.186 103.062 54.955 42.717.231 80.509-37.199 103.053-54.947 49.528-38.783 82.032-64.401 104.947-82.653V400H48z\"><\/path><\/svg>\t\t\t<\/div>\n\t\t<\/div>\n\t\t\t\t\t\t<\/div>\n\t\t\t\t<\/div>\n\t\t\t\t<div class=\"elementor-element elementor-element-f53d114 elementor-widget elementor-widget-heading\" data-id=\"f53d114\" data-element_type=\"widget\" data-widget_type=\"heading.default\">\n\t\t\t\t<div class=\"elementor-widget-container\">\n\t\t\t\t\t<h4 class=\"elementor-heading-title elementor-size-default\"><a href=\"mailto:support@agencymail.com\">support@agencymail.com<\/a><\/h4>\t\t\t\t<\/div>\n\t\t\t\t<\/div>\n\t\t\t\t<\/div>\n\t\t\t\t<\/div>\n\t\t\t\t<\/div>\n\t\t\t\t\t<\/div>\n\t\t\t\t<\/div>\n\t\t<div class=\"elementor-element elementor-element-cabdc94 e-flex e-con-boxed e-con e-parent\" data-id=\"cabdc94\" data-element_type=\"container\" id=\"get-help\" data-settings=\"{&quot;background_background&quot;:&quot;classic&quot;}\">\n\t\t\t\t\t<div class=\"e-con-inner\">\n\t\t\t\t<div class=\"elementor-element elementor-element-3981656 animated-slow elementor-invisible elementor-widget elementor-widget-heading\" data-id=\"3981656\" data-element_type=\"widget\" data-settings=\"{&quot;_animation&quot;:&quot;fadeInUp&quot;}\" data-widget_type=\"heading.default\">\n\t\t\t\t<div class=\"elementor-widget-container\">\n\t\t\t\t\t<h2 class=\"elementor-heading-title elementor-size-default\">\u00bfListo para recibir la ayuda que necesita?\n<\/h2>\t\t\t\t<\/div>\n\t\t\t\t<\/div>\n\t\t\t\t<div class=\"elementor-element elementor-element-0198f7e animated-slow elementor-invisible elementor-widget elementor-widget-heading\" data-id=\"0198f7e\" data-element_type=\"widget\" data-settings=\"{&quot;_animation&quot;:&quot;fadeInUp&quot;}\" data-widget_type=\"heading.default\">\n\t\t\t\t<div class=\"elementor-widget-container\">\n\t\t\t\t\t<div class=\"elementor-heading-title elementor-size-default\">No espere - mientras m\u00e1s pronto llame, m\u00e1s pronto podemos comenzar a ayudarlo.\n\n\n<\/div>\t\t\t\t<\/div>\n\t\t\t\t<\/div>\n\t\t<div class=\"elementor-element elementor-element-d46d21d e-con-full e-flex e-con e-child\" data-id=\"d46d21d\" data-element_type=\"container\">\n\t\t<div class=\"elementor-element elementor-element-785ba95 e-con-full ready-sec e-flex e-con e-child\" data-id=\"785ba95\" data-element_type=\"container\" data-settings=\"{&quot;background_background&quot;:&quot;classic&quot;}\">\n\t\t<div class=\"elementor-element elementor-element-de5930e e-con-full nex-sec e-flex e-con e-child\" data-id=\"de5930e\" data-element_type=\"container\" data-settings=\"{&quot;background_background&quot;:&quot;classic&quot;}\">\n\t\t<div class=\"elementor-element elementor-element-277d350 e-con-full e-flex e-con e-child\" data-id=\"277d350\" data-element_type=\"container\">\n\t\t<div class=\"elementor-element elementor-element-5b5e514 e-con-full e-flex e-con e-child\" data-id=\"5b5e514\" data-element_type=\"container\" data-settings=\"{&quot;background_background&quot;:&quot;classic&quot;}\">\n\t\t\t\t<div class=\"elementor-element elementor-element-bfab978 elementor-position-left form-title elementor-mobile-position-left elementor-view-default elementor-widget elementor-widget-icon-box\" data-id=\"bfab978\" data-element_type=\"widget\" data-widget_type=\"icon-box.default\">\n\t\t\t\t<div class=\"elementor-widget-container\">\n\t\t\t\t\t\t\t<div class=\"elementor-icon-box-wrapper\">\n\n\t\t\t\t\t\t<div class=\"elementor-icon-box-icon\">\n\t\t\t\t<span  class=\"elementor-icon\">\n\t\t\t\t<svg xmlns=\"http:\/\/www.w3.org\/2000\/svg\" width=\"24\" height=\"24\" viewBox=\"0 0 24 24\" fill=\"none\" stroke=\"currentColor\" stroke-width=\"2\" stroke-linecap=\"round\" stroke-linejoin=\"round\" class=\"lucide lucide-phone w-3 h-3 sm:w-4 sm:h-4\" data-filename=\"components\/StickyHeader\" data-linenumber=\"105\" data-visual-selector-id=\"components\/StickyHeader105\" data-source-location=\"components\/StickyHeader:105:16\" data-dynamic-content=\"false\"><path d=\"M22 16.92v3a2 2 0 0 1-2.18 2 19.79 19.79 0 0 1-8.63-3.07 19.5 19.5 0 0 1-6-6 19.79 19.79 0 0 1-3.07-8.67A2 2 0 0 1 4.11 2h3a2 2 0 0 1 2 1.72 12.84 12.84 0 0 0 .7 2.81 2 2 0 0 1-.45 2.11L8.09 9.91a16 16 0 0 0 6 6l1.27-1.27a2 2 0 0 1 2.11-.45 12.84 12.84 0 0 0 2.81.7A2 2 0 0 1 22 16.92z\"><\/path><\/svg>\t\t\t\t<\/span>\n\t\t\t<\/div>\n\t\t\t\n\t\t\t\t\t\t<div class=\"elementor-icon-box-content\">\n\n\t\t\t\t\t\t\t\t\t<h3 class=\"elementor-icon-box-title\">\n\t\t\t\t\t\t<span  >\n\t\t\t\t\t\t\tCon\u00e9ctese con ayuda ahora\t\t\t\t\t\t<\/span>\n\t\t\t\t\t<\/h3>\n\t\t\t\t\n\t\t\t\t\n\t\t\t<\/div>\n\t\t\t\n\t\t<\/div>\n\t\t\t\t\t\t<\/div>\n\t\t\t\t<\/div>\n\t\t\t\t<\/div>\n\t\t<div class=\"elementor-element elementor-element-f2e9062 e-con-full border-color e-flex e-con e-child\" data-id=\"f2e9062\" data-element_type=\"container\" data-settings=\"{&quot;background_background&quot;:&quot;classic&quot;}\">\n\t\t\t\t<div class=\"elementor-element elementor-element-d387653 elementor-widget elementor-widget-shortcode\" data-id=\"d387653\" data-element_type=\"widget\" data-widget_type=\"shortcode.default\">\n\t\t\t\t<div class=\"elementor-widget-container\">\n\t\t\t\t\t\t\t<div class=\"elementor-shortcode\">\n<div class=\"wpcf7 no-js\" id=\"wpcf7-f1825-o1\" lang=\"es-ES\" dir=\"ltr\" data-wpcf7-id=\"1825\">\n<div class=\"screen-reader-response\"><p role=\"status\" aria-live=\"polite\" aria-atomic=\"true\"><\/p> <ul><\/ul><\/div>\n<form action=\"\/es\/wp-json\/wp\/v2\/pages\/3893#wpcf7-f1825-o1\" method=\"post\" class=\"wpcf7-form init\" aria-label=\"Formulario de contacto\" novalidate=\"novalidate\" data-status=\"init\">\n<fieldset class=\"hidden-fields-container\"><input type=\"hidden\" name=\"_wpcf7\" value=\"1825\" \/><input type=\"hidden\" name=\"_wpcf7_version\" value=\"6.1.3\" \/><input type=\"hidden\" name=\"_wpcf7_locale\" value=\"es_ES\" \/><input type=\"hidden\" name=\"_wpcf7_unit_tag\" value=\"wpcf7-f1825-o1\" \/><input type=\"hidden\" name=\"_wpcf7_container_post\" value=\"0\" \/><input type=\"hidden\" name=\"_wpcf7_posted_data_hash\" value=\"\" \/>\n<\/fieldset>\n<div class=\"Order-contact\">\n\t<ul>\n\t\t<li>\n\t\t\t<p><label>Nombre completo *<\/label><span class=\"wpcf7-form-control-wrap\" data-name=\"text-459\"><input size=\"40\" maxlength=\"400\" class=\"wpcf7-form-control wpcf7-text wpcf7-validates-as-required input-type\" aria-required=\"true\" aria-invalid=\"false\" placeholder=\"John Smith\" value=\"\" type=\"text\" name=\"text-459\" \/><\/span>\n\t\t\t<\/p>\n\t\t<\/li>\n\t\t<li>\n\t\t\t<p><label>N\u00famero de tel\u00e9fono *<\/label><span class=\"wpcf7-form-control-wrap\" data-name=\"tel-421\"><input size=\"40\" maxlength=\"400\" class=\"wpcf7-form-control wpcf7-tel wpcf7-validates-as-required wpcf7-text wpcf7-validates-as-tel input-type\" aria-required=\"true\" aria-invalid=\"false\" placeholder=\"(555) 123-4567\" value=\"\" type=\"tel\" name=\"tel-421\" \/><\/span>\n\t\t\t<\/p>\n\t\t<\/li>\n\t\t<li>\n\t\t\t<p><label>Idioma preferido<\/label><span class=\"wpcf7-form-control-wrap\" data-name=\"select-423\"><select class=\"wpcf7-form-control wpcf7-select input-type\" aria-invalid=\"false\" name=\"select-423\"><option value=\"English\">English<\/option><option value=\"Spanish\">Spanish<\/option><\/select><\/span>\n\t\t\t<\/p>\n\t\t<\/li>\n\t\t<li>\n\t\t\t<p><label>Ciudad (Illinois)<\/label><span class=\"wpcf7-form-control-wrap\" data-name=\"text-860\"><input size=\"40\" maxlength=\"400\" class=\"wpcf7-form-control wpcf7-text input-type\" aria-invalid=\"false\" placeholder=\"Chicago\" value=\"\" type=\"text\" name=\"text-860\" \/><\/span>\n\t\t\t<\/p>\n\t\t<\/li>\n\t\t<li>\n\t\t\t<p><label>Tipo de accidente<\/label><span class=\"wpcf7-form-control-wrap\" data-name=\"select-26\"><select class=\"wpcf7-form-control wpcf7-select input-type\" aria-invalid=\"false\" name=\"select-26\"><option value=\"Seleccionar tipo\">Seleccionar tipo<\/option><option value=\"Accidente de coche\">Accidente de coche<\/option><option value=\"Lesi\u00f3n en el lugar de trabajo\">Lesi\u00f3n en el lugar de trabajo<\/option><option value=\"Otro\">Otro<\/option><\/select><\/span>\n\t\t\t<\/p>\n\t\t<\/li>\n\t\t<li>\n\t\t\t<p><label>Fecha del incidente<\/label>        <span  class=\"wpcf7-form-control-wrap datepicker-965\" data-name=\"datepicker-965\">\n        \t<input size=\"40\" class=\"wpcf7-form-control wpcf7-datepicker wpcf7-validates-as-required datepicker input-type gmdpcf_datepicker\" placeholder=\"dd-mm-yyyy\" value=\"\" format=\"dd-mm-yyyy\" min_val=\"current|plus|0|days\" max_val=\"no_limit\" disable_weekdays=\"\" aria-required=\"true\" aria-invalid=\"false\" type=\"text\" name=\"datepicker-965\" \/>\n        \t\t\t<\/span >\n        \n\t\t\t<\/p>\n\t\t<\/li>\n\t\t<li class=\"full-col\">\n\t\t\t<p><label>Cu\u00e9ntenos sobre su accidente<\/label><span class=\"wpcf7-form-control-wrap\" data-name=\"textarea-409\"><textarea cols=\"40\" rows=\"3\" maxlength=\"2000\" class=\"wpcf7-form-control wpcf7-textarea input-type\" aria-invalid=\"false\" placeholder=\"Cu\u00e9ntanos qu\u00e9 pas\u00f3...\" name=\"textarea-409\"><\/textarea><\/span>\n\t\t\t<\/p>\n\t\t<\/li>\n\t\t<li class=\"full-col\">\n\t\t\t<p><span class=\"wpcf7-form-control-wrap\" data-name=\"checkbox-641\"><span class=\"wpcf7-form-control wpcf7-checkbox\"><span class=\"wpcf7-list-item first last\"><label><input type=\"checkbox\" name=\"checkbox-641[]\" value=\"Consiento en recibir comunicaciones y entiendo que esto no es consejo legal..\" \/><span class=\"wpcf7-list-item-label\">Consiento en recibir comunicaciones y entiendo que esto no es consejo legal..<\/span><\/label><\/span><\/span><\/span>\n\t\t\t<\/p>\n\t\t<\/li>\n\t<\/ul>\n\t<div class=\"submit-btn\">\n\t\t<p><input class=\"wpcf7-form-control wpcf7-submit has-spinner input-type\" type=\"submit\" value=\"Recibir ayuda ahora\" \/>\n\t\t<\/p>\n\t<\/div>\n<\/div><div class=\"wpcf7-response-output\" aria-hidden=\"true\"><\/div>\n<\/form>\n<\/div>\n<\/div>\n\t\t\t\t\t\t<\/div>\n\t\t\t\t<\/div>\n\t\t\t\t<\/div>\n\t\t\t\t<\/div>\n\t\t\t\t<\/div>\n\t\t\t\t<\/div>\n\t\t\t\t<\/div>\n\t\t\t\t\t<\/div>\n\t\t\t\t<\/div>\n\t\t\t\t<\/div>\n\t\t","protected":false},"excerpt":{"rendered":"<p>Cont\u00e1ctanos Despu\u00e9s del 911, llame a Llamar dulce Sammy para ayuda r\u00e1pida y amable. Ponte en contacto (312) 879-0014 Prestando servicios en todo Illinois support@agencymail.com \u00bfListo para recibir la ayuda que necesita? No espere &#8211; mientras m\u00e1s pronto llame, m\u00e1s pronto podemos comenzar a ayudarlo. Con\u00e9ctese con ayuda ahora<\/p>\n","protected":false},"author":1,"featured_media":0,"parent":0,"menu_order":0,"comment_status":"closed","ping_status":"closed","template":"elementor_header_footer","meta":{"footnotes":""},"class_list":["post-3893","page","type-page","status-publish","hentry"],"_links":{"self":[{"href":"https:\/\/callsweetsammy.com\/es\/wp-json\/wp\/v2\/pages\/3893","targetHints":{"allow":["GET"]}}],"collection":[{"href":"https:\/\/callsweetsammy.com\/es\/wp-json\/wp\/v2\/pages"}],"about":[{"href":"https:\/\/callsweetsammy.com\/es\/wp-json\/wp\/v2\/types\/page"}],"author":[{"embeddable":true,"href":"https:\/\/callsweetsammy.com\/es\/wp-json\/wp\/v2\/users\/1"}],"replies":[{"embeddable":true,"href":"https:\/\/callsweetsammy.com\/es\/wp-json\/wp\/v2\/comments?post=3893"}],"version-history":[{"count":31,"href":"https:\/\/callsweetsammy.com\/es\/wp-json\/wp\/v2\/pages\/3893\/revisions"}],"predecessor-version":[{"id":3926,"href":"https:\/\/callsweetsammy.com\/es\/wp-json\/wp\/v2\/pages\/3893\/revisions\/3926"}],"wp:attachment":[{"href":"https:\/\/callsweetsammy.com\/es\/wp-json\/wp\/v2\/media?parent=3893"}],"curies":[{"name":"wp","href":"https:\/\/api.w.org\/{rel}","templated":true}]}}